{"id":5639,"date":"2024-02-02T11:39:53","date_gmt":"2024-02-02T10:39:53","guid":{"rendered":"http:\/\/zentrum-funktionelle-medizin.de\/?page_id=5639"},"modified":"2025-01-24T12:01:49","modified_gmt":"2025-01-24T11:01:49","slug":"impressum","status":"publish","type":"page","link":"https:\/\/zentrum-funktionelle-medizin.de\/en\/impressum\/","title":{"rendered":"Imprint"},"content":{"rendered":"<div class=\"breakdance\"><section class=\"bde-section-5639-100 bde-section\">\n  \n  \n\t\n\n\n\n<div class=\"section-container\"><div class=\"bde-div-5639-114 bde-div\">\n  \n  \n\t\n\n\n\n<div class=\"bde-div-5639-161 bde-div\">\n  \n  \n\t\n\n\n\n\n<\/div><h1 class=\"bde-heading-5639-101 bde-heading\" data-entrance=\"slideUp\">\nCenter for Functional Medicine<br>Dr. med. Sophia Wachner<br>Waisenhausstr. 52a<br>80637 Munich<br><br>Tel: +49 (0) 89\u2013215 479 95<br>empfang@zentrum-funktionelle-medizin.de <br>www.zentrum-funktionelle-medizin.de\n<\/h1><div class=\"bde-div-5639-115 bde-div\">\n  \n  \n\t\n\n\n\n<div class=\"bde-div-5639-162 bde-div\">\n  \n  \n\t\n\n\n\n<div class=\"bde-div-5639-163 bde-div\">\n  \n  \n\t\n\n\n\n\n<\/div>\n<\/div>\n<\/div><div class=\"bde-div-5639-102 bde-div\">\n  \n  \n\t\n\n\n\n<h1 class=\"bde-heading-5639-104 bde-heading\">\nImprint\n<\/h1>\n<\/div>\n<\/div><\/div>\n<\/section><section class=\"bde-section-5639-132 bde-section\">\n  \n  \n\t\n\n\n\n<div class=\"section-container\"><div class=\"bde-div-5639-126 bde-div xxpaddingLeftAndRight\">\n  \n  \n\t\n\n\n\n<h3 class=\"bde-heading-5639-118 bde-heading\" data-entrance=\"slideUp\">\nState Medical Association\n<\/h3><div class=\"bde-text-5639-119 bde-text\" data-entrance=\"slideUp\">\nBavarian Medical Association <br>Professional code of conduct for doctors in Bavaria<br>M\u00fchlbaurstrasse 16 <br>81677 Munich&nbsp;\n<\/div>\n<\/div><\/div>\n<\/section><section class=\"bde-section-5639-133 bde-section\">\n  \n  \n\t\n\n\n\n<div class=\"section-container\"><div class=\"bde-div-5639-134 bde-div xxpaddingLeftAndRight\">\n  \n  \n\t\n\n\n\n<h3 class=\"bde-heading-5639-135 bde-heading\" data-entrance=\"slideUp\">\nResponsible for the content\n<\/h3><div class=\"bde-text-5639-136 bde-text\" data-entrance=\"slideUp\">\nin accordance with \u00a7 55 para. 2 RStV: <br>Dr. med. Sophia Wachner&nbsp;\n<\/div>\n<\/div><\/div>\n<\/section><section class=\"bde-section-5639-137 bde-section\">\n  \n  \n\t\n\n\n\n<div class=\"section-container\"><div class=\"bde-div-5639-138 bde-div xxpaddingLeftAndRight\">\n  \n  \n\t\n\n\n\n<h3 class=\"bde-heading-5639-139 bde-heading\" data-entrance=\"slideUp\">\nDisclaimer\n<\/h3><div class=\"bde-text-5639-140 bde-text\" data-entrance=\"slideUp\">\nThe author assumes no liabi\u00adlity for the topi\u00adcality, correct\u00adness and comple\u00adteness of the infor\u00adma\u00adtion provided on our website. Liability claims against the author rela\u00adting to mate\u00adrial or imma\u00adte\u00adrial damage caused by the use or non-\u200buse of the infor\u00adma\u00adtion provided or by the use of incor\u00adrect or incom\u00adplete infor\u00adma\u00adtion are funda\u00admen\u00adtally excluded, unless there is evidence of wilful intent or gross negli\u00adgence on the part of the author. All offers are subject to change and non-\u200bbinding. The author expressly reserves the right to change, supple\u00adment or delete parts of the pages or the entire offer without prior notice or to cease publi\u00adca\u00adtion tempo\u00adr\u00ada\u00adrily or perma\u00adnently.\n<\/div>\n<\/div><\/div>\n<\/section><section class=\"bde-section-5639-145 bde-section\">\n  \n  \n\t\n\n\n\n<div class=\"section-container\"><div class=\"bde-div-5639-146 bde-div xxpaddingLeftAndRight\">\n  \n  \n\t\n\n\n\n<h3 class=\"bde-heading-5639-147 bde-heading\" data-entrance=\"slideUp\">\nCopyright\n<\/h3><div class=\"bde-text-5639-148 bde-text\" data-entrance=\"slideUp\">\nThe contents of this website (texts, text passages, graphics, images, videos, anima\u00adtions, music) as well as their arran\u00adge\u00adment within the frame\u00adwork of the website design are protected by copy\u00adright in accordance with the statu\u00adtory provi\u00adsions. They may not be copied, distri\u00adbuted, made publicly acces\u00adsible, other\u00adwise publicly repro\u00adduced or modi\u00adfied without the permis\u00adsion of Dr. Wachner. Insofar as the rights to the copyright-\u200bprotected compon\u00adents of this website belong to third parties, Dr. Wachner uses these works with the consent of the respec\u00adtive rights holder.\n<\/div>\n<\/div><\/div>\n<\/section><section class=\"bde-section-5639-141 bde-section\">\n  \n  \n\t\n\n\n\n<div class=\"section-container\"><div class=\"bde-div-5639-142 bde-div xxpaddingLeftAndRight\">\n  \n  \n\t\n\n\n\n<h3 class=\"bde-heading-5639-143 bde-heading\" data-entrance=\"slideUp\">\nReferences and links\n<\/h3><div class=\"bde-text-5639-144 bde-text\" data-entrance=\"slideUp\">\nIn the case of direct or indi\u00adrect refe\u00adrences to external websites (\u201ehyper\u00adlinks\u201c) that lie outside the author\u2019s area of respon\u00adsi\u00adbi\u00adlity, a liabi\u00adlity obli\u00adga\u00adtion would only come into force in the event that the author is aware of the content and it would be tech\u00adni\u00adcally possible and reasonable for him to prevent use in the event of illegal content. The author hereby expressly declares that no illegal content was reco\u00adgnizable on the linked pages at the time the links were created. The author has no influence whatsoever on the current and future design, content or author\u00adship of the linked pages. The author ther\u00ade\u00adfore expressly distances himself from all contents of all linked pages that were changed after the link was created. This state\u00adment applies to all links and refe\u00adrences set within the author\u2019s own website as well as to third-\u200bparty entries in guest books, discus\u00adsion forums, link direc\u00adto\u00adries, mailing lists and all other forms of data\u00adbases set up by the author to whose content external write access is possible. Liability for illegal, incor\u00adrect or incom\u00adplete content and in parti\u00adcular for damages resul\u00adting from the use or non-\u200buse of such infor\u00adma\u00adtion lies solely with the provider of the page to which refe\u00adrence is made, and not with the person who merely refers to the respec\u00adtive publi\u00adca\u00adtion via links.\n<\/div>\n<\/div><\/div>\n<\/section><section class=\"bde-section-5639-149 bde-section\">\n  \n  \n\t\n\n\n\n<div class=\"section-container\"><div class=\"bde-div-5639-150 bde-div xxpaddingLeftAndRight\">\n  \n  \n\t\n\n\n\n<h3 class=\"bde-heading-5639-151 bde-heading\" data-entrance=\"slideUp\">\nLegal effectiveness\n<\/h3><div class=\"bde-text-5639-152 bde-text\" data-entrance=\"slideUp\">\nThis disclaimer is to be regarded as part of the internet publi\u00adca\u00adtion which you were referred from. If sections or indi\u00advi\u00addual terms of this state\u00adment are not legal or correct, the content or vali\u00addity of the other parts remain unin\u00adfluenced by this fact.\n<\/div>\n<\/div><\/div>\n<\/section><section class=\"bde-section-5639-153 bde-section\">\n  \n  \n\t\n\n\n\n<div class=\"section-container\"><div class=\"bde-div-5639-154 bde-div xxpaddingLeftAndRight\">\n  \n  \n\t\n\n\n\n<h3 class=\"bde-heading-5639-155 bde-heading\" data-entrance=\"slideUp\">\nBrand strategy to EXECUTION\n<\/h3><div class=\"bde-text-5639-156 bde-text\" data-entrance=\"slideUp\">\nELEVATE PARTNERS, Munich\n<\/div><a class=\"bde-text-link-5639-164 bde-text-link breakdance-link\" href=\"https:\/\/elevatepartners.de\" target=\"_blank\" data-type=\"url\" data-entrance=\"slideUp\">\n  elevatepartners.com\n\n<\/a>\n<\/div><\/div>\n<\/section><\/div>","protected":false},"excerpt":{"rendered":"<p>Zentrum Funktionelle MedizinDr. med. Sophia WachnerWaisenhausstr. 52a80637 M\u00fcnchenTel: +49 (0) 89-215 479 95empfang@zentrum-funktionelle-medizin.de www.zentrum-funktionelle-medizin.de Impressum Landes\u00e4rztekammer Landes\u00e4rztekammer Bayern Berufsordnung f\u00fcr die \u00c4rzte BayernsM\u00fchlbaurstra\u00dfe 16 81677 M\u00fcnchen\u00a0 Verantwortlich f\u00fcr den Inhalt nach \u00a7 55 Abs. 2 RStV: Dr. med. Sophia Wachner\u00a0 Haftungshinweis Der Autor \u00fcbernimmt keinerlei Gew\u00e4hr f\u00fcr die Aktualit\u00e4t, Richtigkeit und Vollst\u00e4ndigkeit der bereitgestellten Informationen [&hellip;]<\/p>\n","protected":false},"author":2,"featured_media":0,"parent":0,"menu_order":0,"comment_status":"closed","ping_status":"closed","template":"","meta":{"_acf_changed":false,"inline_featured_image":false,"wp_typography_post_enhancements_disabled":false,"_breakdance_hide_in_design_set":false,"_breakdance_tags":"","footnotes":""},"folder":[],"class_list":["post-5639","page","type-page","status-publish","hentry"],"acf":[],"_links":{"self":[{"href":"https:\/\/zentrum-funktionelle-medizin.de\/en\/wp-json\/wp\/v2\/pages\/5639","targetHints":{"allow":["GET"]}}],"collection":[{"href":"https:\/\/zentrum-funktionelle-medizin.de\/en\/wp-json\/wp\/v2\/pages"}],"about":[{"href":"https:\/\/zentrum-funktionelle-medizin.de\/en\/wp-json\/wp\/v2\/types\/page"}],"author":[{"embeddable":true,"href":"https:\/\/zentrum-funktionelle-medizin.de\/en\/wp-json\/wp\/v2\/users\/2"}],"replies":[{"embeddable":true,"href":"https:\/\/zentrum-funktionelle-medizin.de\/en\/wp-json\/wp\/v2\/comments?post=5639"}],"version-history":[{"count":1,"href":"https:\/\/zentrum-funktionelle-medizin.de\/en\/wp-json\/wp\/v2\/pages\/5639\/revisions"}],"predecessor-version":[{"id":7925,"href":"https:\/\/zentrum-funktionelle-medizin.de\/en\/wp-json\/wp\/v2\/pages\/5639\/revisions\/7925"}],"wp:attachment":[{"href":"https:\/\/zentrum-funktionelle-medizin.de\/en\/wp-json\/wp\/v2\/media?parent=5639"}],"wp:term":[{"taxonomy":"folder","embeddable":true,"href":"https:\/\/zentrum-funktionelle-medizin.de\/en\/wp-json\/wp\/v2\/folder?post=5639"}],"curies":[{"name":"wp","href":"https:\/\/api.w.org\/{rel}","templated":true}]}}