{"id":5694,"date":"2024-09-20T15:20:24","date_gmt":"2024-09-20T13:20:24","guid":{"rendered":"http:\/\/zentrum-funktionelle-medizin.de\/?page_id=5694"},"modified":"2025-04-24T20:38:39","modified_gmt":"2025-04-24T18:38:39","slug":"gut-zu-wissen","status":"publish","type":"page","link":"https:\/\/zentrum-funktionelle-medizin.de\/en\/gut-zu-wissen\/","title":{"rendered":"Good to know"},"content":{"rendered":"<div class=\"breakdance\"><section class=\"bde-section-5694-100 bde-section\">\n  \n  \n\t\n\n\n\n<div class=\"section-container\"><div class=\"bde-div-5694-114 bde-div\">\n  \n  \n\t\n\n\n\n<div class=\"bde-div-5694-161 bde-div\">\n  \n  \n\t\n\n\n\n\n<\/div><h1 class=\"bde-heading-5694-101 bde-heading\" data-entrance=\"slideUp\">\nHere you will find everything you need to know about making appointments, preparing for examinations, reordering prescriptions and communication channels.\n<\/h1><div class=\"bde-div-5694-102 bde-div\">\n  \n  \n\t\n\n\n\n<div class=\"bde-div-5694-165 bde-div\" data-entrance=\"slideUp\">\n  \n  \n\t\n\n\n\n<div class=\"bde-button-5694-166 bde-button\">\n    \n                        \n                        \n    \n    \n    \n    \n            \n                    \n            \n            \n\n    \n    \n    \n    \n    \n    <a class=\"breakdance-link button-atom button-atom--secondary bde-button__button\" href=\"#terminvorbereitung\" target=\"_self\" data-type=\"url\">\n\n    \n        <span class=\"button-atom__text\">Date prepa\u00adra\u00adtion<\/span>\n\n        \n        \n                <\/a>\n\n    \n\n\n<\/div><div class=\"bde-button-5694-171 bde-button\">\n    \n                        \n                        \n    \n    \n    \n    \n            \n                    \n            \n            \n\n    \n    \n    \n    \n    \n    <a class=\"breakdance-link button-atom button-atom--secondary bde-button__button\" href=\"#abrechnung2\" target=\"_self\" data-type=\"url\">\n\n    \n        <span class=\"button-atom__text\">Billing<\/span>\n\n        \n        \n                <\/a>\n\n    \n\n\n<\/div><div class=\"bde-button-5694-170 bde-button\">\n    \n                        \n                        \n    \n    \n    \n    \n            \n                    \n            \n            \n\n    \n    \n    \n    \n    \n    <a class=\"breakdance-link button-atom button-atom--secondary bde-button__button\" href=\"#kostenrahmen\" target=\"_self\" data-type=\"url\">\n\n    \n        <span class=\"button-atom__text\">Cost frame\u00adwork<\/span>\n\n        \n        \n                <\/a>\n\n    \n\n\n<\/div>\n<\/div><h1 class=\"bde-heading-5694-104 bde-heading\">\nGood to know\n<\/h1>\n<\/div>\n<\/div><\/div>\n<\/section><section id=\"terminvorbereitung\" class=\"bde-section-5694-201 bde-section\">\n  \n  \n\t\n\n\n\n<div class=\"section-container\"><h1 class=\"bde-heading-5694-202 bde-heading xpaddingBottom\">\nDate preparation\n<\/h1><div class=\"bde-columns-5694-203 bde-columns\"><div class=\"bde-column-5694-297 bde-column\">\n  \n  \n\t\n\n\n\n<div class=\"bde-div-5694-298 bde-div\">\n  \n  \n\t\n\n\n\n<h3 class=\"bde-heading-5694-301 bde-heading\" data-entrance=\"slideUp\">\nTHE DAY BEFORE\n<\/h3><div class=\"bde-text-5694-303 bde-text\" data-entrance=\"slideUp\">\nIn most cases, a blood sample is taken at the first appoint\u00adment (micro\u00adnu\u00adtrient analysis, fatty acid analysis, etc.). You should ther\u00ade\u00adfore refrain from taking any non-\u200bessential medi\u00adca\u00adtion on the day of your appoint\u00adment and not take any dietary supple\u00adments for at least the day before. <br><br>Twelve hours before your appoint\u00adment, you should not eat or drink anything apart from water. If you have diffi\u00adculty staying sober for this long, you are welcome to take a small break\u00adfast with you and eat it imme\u00addia\u00adtely after the blood sample has been taken.\n<\/div>\n<\/div>\n<\/div><div class=\"bde-column-5694-204 bde-column\">\n  \n  \n\t\n\n\n\n<div class=\"bde-div-5694-217 bde-div\">\n  \n  \n\t\n\n\n\n<h3 class=\"bde-heading-5694-220 bde-heading\" data-entrance=\"slideUp\">\nThe FIRST appointment\n<\/h3><div class=\"bde-text-5694-225 bde-text\" data-entrance=\"slideUp\">\nSo that you know what to expect, we have compiled the most important points for you here:  <br><br>1. check the prac\u00adtice docu\u00adments for comple\u00adteness and update the data (medical history form, treat\u00adment contract, insu\u00adrance details)<br><br>2. anamnesis, discus\u00adsion of exis\u00adting findings and neces\u00adsary diagno\u00adstics, nutri\u00adtional check (approx. 1.5 hours) and exami\u00adna\u00adtions (blood pres\u00adsure, VNS analysis, physical exami\u00adna\u00adtion) \u2014 often initial therapy recom\u00admen\u00adda\u00adtions can be given based on these findings<br><br>3. blood sampling and, if neces\u00adsary, expl\u00adana\u00adtion of the labo\u00adra\u00adtory tests that you can carry out at home<br><br>4. further appoint\u00adments and plan\u00adning of external exami\u00adna\u00adtions (e.g. perfor\u00admance diagno\u00adstics, dental status or other specia\u00adlists)<br><br>Please bring \/\u200b note the follo\u00adwing to your first appoint\u00adment: The first appoint\u00adment takes approx. 120 minutes, inclu\u00adding the intake inter\u00adview, exami\u00adna\u00adtions, blood sampling and all expl\u00adana\u00adtions. Please send previous findings (labo\u00adra\u00adtory, doctor\u2019s letters, imaging) and an over\u00adview of your medi\u00adca\u00adtion intake or dietary supple\u00adments in advance.\n<\/div>\n<\/div>\n<\/div><\/div><\/div>\n<\/section><section class=\"bde-section-5694-409 bde-section\">\n  \n  \n\t\n\n\n\n<div class=\"section-container\"><div class=\"bde-columns-5694-410 bde-columns\" data-parallax=\"true\"><div class=\"bde-column-5694-411 bde-column\">\n  \n  \n\t\n\n\n\n\n<\/div><div class=\"bde-column-5694-412 bde-column\">\n  \n  \n\t\n\n\n\n\n<\/div><\/div><\/div>\n<\/section><section id=\"abrechnung2\" class=\"bde-section-5694-345 bde-section\">\n  \n  \n\t\n\n\n\n<div class=\"section-container\"><h1 id=\"abrechnung\" class=\"bde-heading-5694-346 bde-heading xpaddingBottom\">\nBilling\n<\/h1><div class=\"bde-columns-5694-347 bde-columns\"><div class=\"bde-column-5694-348 bde-column\">\n  \n  \n\t\n\n\n\n<div class=\"bde-div-5694-349 bde-div\">\n  \n  \n\t\n\n\n\n<h3 class=\"bde-heading-5694-350 bde-heading\" data-entrance=\"slideUp\">\nStatutory insured<br>(GKV)\n<\/h3><div class=\"bde-text-5694-351 bde-text\" data-entrance=\"slideUp\">\nUnfortunately, it is not possible to settle the costs incurred via statu\u00adtory health insu\u00adrance funds. Those with statu\u00adtory health insu\u00adrance will receive an invoice in accordance with the GO\u00c4 (scale of fees for doctors), which they must pay priva\u00adtely (self-\u200bpayers).\n<\/div>\n<\/div>\n<\/div><div class=\"bde-column-5694-354 bde-column\">\n  \n  \n\t\n\n\n\n<div class=\"bde-div-5694-355 bde-div\">\n  \n  \n\t\n\n\n\n<h3 class=\"bde-heading-5694-356 bde-heading\" data-entrance=\"slideUp\">\nPrivately insured <br>(PKV)\n<\/h3><div class=\"bde-text-5694-357 bde-text\" data-entrance=\"slideUp\">\nWe always charge accor\u00adding to the GO\u00c4 (scale of fees for doctors). Due to the very high amount of time and discus\u00adsion required, this is charged at 2.3\u20135 times the rate (depen\u00adding on the time required). There are costs that are not covered by private health insu\u00adrance. You will then have to pay these costs yourself.\n<\/div>\n<\/div>\n<\/div><\/div><\/div>\n<\/section><section id=\"Kostenrahmen\" class=\"bde-section-5694-369 bde-section\">\n  \n  \n\t\n\n\n\n<div class=\"section-container\"><h1 id=\"kostenrahmen\" class=\"bde-heading-5694-359 bde-heading xpaddingBottom\">\nCOST FRAMEWORK and PROCESSING\n<\/h1><div class=\"bde-columns-5694-370 bde-columns xxxPaddingTop\"><div class=\"bde-column-5694-371 bde-column\" data-entrance=\"slideUp\">\n  \n  \n\t\n\n\n\n<div class=\"bde-div-5694-372 bde-div\" data-entrance=\"slideUp\">\n  \n  \n\t\n\n\n\n<div class=\"bde-div-5694-373 bde-div\">\n  \n  \n\t\n\n\n\n<h3 class=\"bde-heading-5694-374 bde-heading\">\nRecording\n<\/h3><div class=\"bde-text-5694-375 bde-text\">\nInitial admis\u00adsion\n<\/div><div class=\"bde-text-5694-399 bde-text\">\nincl. 90 minutes medical history inter\u00adview. <br><br>Price: approx. 550,- Euro\n<\/div>\n<\/div>\n<\/div>\n<\/div><div class=\"bde-column-5694-377 bde-column\" data-entrance=\"slideUp\">\n  \n  \n\t\n\n\n\n<div class=\"bde-div-5694-378 bde-div\" data-entrance=\"slideUp\">\n  \n  \n\t\n\n\n\n<div class=\"bde-div-5694-379 bde-div\">\n  \n  \n\t\n\n\n\n<h3 class=\"bde-heading-5694-380 bde-heading\">\nDiagnostics &amp; Laboratory\n<\/h3><div class=\"bde-text-5694-396 bde-text\">\nDiagnostics in prac\u00adtice<br>(e.g. sono\u00adgraphy, ECG, \u2026) \n<\/div><div class=\"bde-text-5694-408 bde-text\">\nPrice: approx. 150,- to 300,- Euro (accor\u00adding to GO\u00c4)\n<\/div><div class=\"bde-text-5694-397 bde-text\">\nLaboratory diagno\u00adstics\n<\/div><div class=\"bde-text-5694-398 bde-text\">\nPrice: accor\u00adding to agree\u00adment\n<\/div>\n<\/div>\n<\/div>\n<\/div><div class=\"bde-column-5694-383 bde-column\" data-entrance=\"slideUp\">\n  \n  \n\t\n\n\n\n<div class=\"bde-div-5694-384 bde-div\">\n  \n  \n\t\n\n\n\n<div class=\"bde-div-5694-385 bde-div\">\n  \n  \n\t\n\n\n\n<h3 class=\"bde-heading-5694-386 bde-heading\">\nTherapy plan\n<\/h3><div class=\"bde-text-5694-400 bde-text\">\nIndividual treat\u00adment plan\n<\/div><div class=\"bde-text-5694-401 bde-text\">\nPrice: approx. 150,- Euro\n<\/div>\n<\/div>\n<\/div>\n<\/div><div class=\"bde-column-5694-389 bde-column\" data-entrance=\"slideUp\">\n  \n  \n\t\n\n\n\n<div class=\"bde-div-5694-390 bde-div\" data-entrance=\"slideUp\">\n  \n  \n\t\n\n\n\n<div class=\"bde-div-5694-391 bde-div\">\n  \n  \n\t\n\n\n\n<h3 class=\"bde-heading-5694-392 bde-heading\">\nAccompaniment\n<\/h3><div class=\"bde-text-5694-402 bde-text\">\nDiscussion of the results and ongoing support\n<\/div><div class=\"bde-text-5694-403 bde-text\">\nPrice: approx. 260,- Euro\/\u200bhour\n<\/div>\n<\/div>\n<\/div>\n<\/div><\/div><\/div>\n<\/section><div class=\"bde-globalblock-5694-407 bde-globalblock\"><div class=\"breakdance\"><section class=\"bde-section-6440-100-6440-1 bde-section bde-section-6440-100\">\n  \n  \n\t\n\n\n\n<div class=\"section-container\"><div class=\"bde-columns-6440-101-6440-1 bde-columns bde-columns-6440-101\"><div class=\"bde-column-6440-102-6440-1 bde-column bde-column-6440-102\">\n  \n  \n\t\n\n\n\n<div class=\"bde-text-6440-115-6440-1 bde-text bde-text-6440-115\">\nBook directly online\n<\/div><div class=\"bde-text-6440-104-6440-1 bde-text bde-text-6440-104\" data-entrance=\"slideUp\">\nAs an exis\u00adting patient, you can book an appoint\u00adment for your preferred date directly via the \u201aarzt-\u200bdirekt\u2018 portal.\n<\/div><div class=\"bde-button-6440-105-6440-1 bde-button bde-button-6440-105\">\n    \n                        \n                        \n    \n    \n    \n    \n            \n                    \n            \n            \n\n    \n    \n    \n    \n    \n    <a class=\"breakdance-link button-atom button-atom--primary bde-button__button\" href=\"https:\/\/arzt-direkt.com\/zentrum-funktionelle-medizin\/booking\" target=\"_blank\" data-type=\"url\">\n\n    \n        <span class=\"button-atom__text\">Online appoint\u00adment booking<\/span>\n\n        \n        \n                <\/a>\n\n    \n\n\n<\/div>\n<\/div><div class=\"bde-column-6440-111-6440-1 bde-column bde-column-6440-111\">\n  \n  \n\t\n\n\n\n<div class=\"bde-text-6440-116-6440-1 bde-text bde-text-6440-116\">\nNew admis\u00adsion\n<\/div><div class=\"bde-text-6440-113-6440-1 bde-text bde-text-6440-113\" data-entrance=\"slideUp\">\nIf you are new to us, please contact us by email. We look forward to hearing from you!\n<\/div><div class=\"bde-button-6440-114-6440-1 bde-button bde-button-6440-114\">\n    \n                        \n                        \n    \n    \n    \n    \n            \n                    \n            \n            \n\n    \n    \n    \n    \n    \n    <a class=\"breakdance-link button-atom button-atom--primary bde-button__button\" href=\"mailto:neuaufnahme@zentrum-funktionelle-medizin.de\" target=\"_self\" data-type=\"url\">\n\n    \n        <span class=\"button-atom__text\">E\u2011mail new entry<\/span>\n\n        \n        \n                <\/a>\n\n    \n\n\n<\/div>\n<\/div><\/div><\/div>\n<\/section><\/div><\/div><\/div>","protected":false},"excerpt":{"rendered":"<p>Hier finden Sie alles zum Thema Terminvereinbarungen, Untersuchungsvorbereitung, Rezeptnachbestellung und Kommunikationswege. Terminvorbereitung Abrechnung Kostenrahmen Gut zu wissen Terminvorbereitung AM TAG DAVOR In den meisten F\u00e4llen erfolgt beim ersten Termin eine Blutentnahme (Mikron\u00e4hrstoffanalyse, Fetts\u00e4ureanalyse etc.). Daher sollten Sie am Tag unseres Termins auf nicht lebensnotwendige Medikamente verzichten sowie mindestens am Tag zuvor keine Nahrungserg\u00e4nzungsmittel einnehmen. Zw\u00f6lf [&hellip;]<\/p>\n","protected":false},"author":2,"featured_media":0,"parent":0,"menu_order":0,"comment_status":"closed","ping_status":"closed","template":"","meta":{"_acf_changed":false,"inline_featured_image":false,"wp_typography_post_enhancements_disabled":false,"_breakdance_hide_in_design_set":false,"_breakdance_tags":"","footnotes":""},"folder":[],"class_list":["post-5694","page","type-page","status-publish","hentry"],"acf":[],"_links":{"self":[{"href":"https:\/\/zentrum-funktionelle-medizin.de\/en\/wp-json\/wp\/v2\/pages\/5694","targetHints":{"allow":["GET"]}}],"collection":[{"href":"https:\/\/zentrum-funktionelle-medizin.de\/en\/wp-json\/wp\/v2\/pages"}],"about":[{"href":"https:\/\/zentrum-funktionelle-medizin.de\/en\/wp-json\/wp\/v2\/types\/page"}],"author":[{"embeddable":true,"href":"https:\/\/zentrum-funktionelle-medizin.de\/en\/wp-json\/wp\/v2\/users\/2"}],"replies":[{"embeddable":true,"href":"https:\/\/zentrum-funktionelle-medizin.de\/en\/wp-json\/wp\/v2\/comments?post=5694"}],"version-history":[{"count":5,"href":"https:\/\/zentrum-funktionelle-medizin.de\/en\/wp-json\/wp\/v2\/pages\/5694\/revisions"}],"predecessor-version":[{"id":8066,"href":"https:\/\/zentrum-funktionelle-medizin.de\/en\/wp-json\/wp\/v2\/pages\/5694\/revisions\/8066"}],"wp:attachment":[{"href":"https:\/\/zentrum-funktionelle-medizin.de\/en\/wp-json\/wp\/v2\/media?parent=5694"}],"wp:term":[{"taxonomy":"folder","embeddable":true,"href":"https:\/\/zentrum-funktionelle-medizin.de\/en\/wp-json\/wp\/v2\/folder?post=5694"}],"curies":[{"name":"wp","href":"https:\/\/api.w.org\/{rel}","templated":true}]}}