{"id":7792,"date":"2024-12-20T17:23:13","date_gmt":"2024-12-20T16:23:13","guid":{"rendered":"https:\/\/zentrum-funktionelle-medizin.de\/?page_id=7792"},"modified":"2025-01-24T12:01:51","modified_gmt":"2025-01-24T11:01:51","slug":"kontakt","status":"publish","type":"page","link":"https:\/\/zentrum-funktionelle-medizin.de\/en\/kontakt\/","title":{"rendered":"Contact us"},"content":{"rendered":"<div class=\"breakdance\"><section class=\"bde-section-7792-144 bde-section\">\n  \n  \n\t\n\n\n\n<div class=\"section-container\"><div class=\"bde-div-7792-145 bde-div\">\n  \n  \n\t\n\n\n\n<div class=\"bde-div-7792-146 bde-div\">\n  \n  \n\t\n\n\n\n\n<\/div><div class=\"bde-div-7792-170 bde-div\">\n  \n  \n\t\n\n\n\n<h1 class=\"bde-heading-7792-166 bde-heading\" data-entrance=\"slideUp\">\nCenter for Functional Medicine<br>Volkartstrasse 5<br>80634 Munich<br><br>Tel: +49 (0) 89\u2013215 479 95\n<\/h1><a class=\"bde-text-link-7792-169 bde-text-link breakdance-link\" href=\"mailto:?subject=&amp;body=\" target=\"_self\" data-type=\"contact\">\n  empfang@zentrum-funktionelle-medizin.de\n\n<\/a>\n<\/div><div class=\"bde-div-7792-148 bde-div\">\n  \n  \n\t\n\n\n\n<div class=\"bde-div-7792-149 bde-div\" data-entrance=\"slideUp\">\n  \n  \n\t\n\n\n\n<div class=\"bde-button-7792-150 bde-button\">\n    \n                        \n                        \n    \n    \n    \n    \n            \n                    \n            \n            \n\n    \n    \n    \n    \n    \n    <a class=\"breakdance-link button-atom button-atom--secondary bde-button__button\" href=\"#anfahrt\" target=\"_self\" data-type=\"url\">\n\n    \n        <span class=\"button-atom__text\">Approach<\/span>\n\n        \n        \n                <\/a>\n\n    \n\n\n<\/div><div class=\"bde-button-7792-167 bde-button\">\n    \n                        \n                        \n    \n    \n    \n    \n            \n                    \n            \n            \n\n    \n    \n    \n    \n    \n    <a class=\"breakdance-link button-atom button-atom--secondary bde-button__button\" href=\"#empfang\" target=\"_self\" data-type=\"url\">\n\n    \n        <span class=\"button-atom__text\">Reception<\/span>\n\n        \n        \n                <\/a>\n\n    \n\n\n<\/div>\n<\/div><h1 class=\"bde-heading-7792-153 bde-heading\">\nContact us\n<\/h1>\n<\/div>\n<\/div><\/div>\n<\/section><section id=\"anfahrt\" class=\"bde-section-7792-154 bde-section\">\n  \n  \n\t\n\n\n\n<div class=\"section-container\"><h1 class=\"bde-heading-7792-155 bde-heading xpaddingBottom\">\nApproach\n<\/h1><div class=\"bde-columns-7792-156 bde-columns\"><div class=\"bde-column-7792-157 bde-column\">\n  \n  \n\t\n\n\n\n<div class=\"bde-div-7792-158 bde-div\">\n  \n  \n\t\n\n\n\n<h3 class=\"bde-heading-7792-159 bde-heading\" data-entrance=\"slideUp\">\nCar and scooter\n<\/h3><div class=\"bde-text-7792-160 bde-text\" data-entrance=\"slideUp\">\nThe Galeria Kaufhof parking garage is also open to the public and usually offers suffi\u00adcient parking spaces. Please note that there is a charge for using the parking garage. The entrance is located in the:<br><br>Donnersbergerstra\u00dfe 3, 80634 Munich<br><br>We would also like to point out that parking in the vici\u00adnity of the medical center at Volkartstra\u00dfe 5 has also recently become subject to a charge.<br><br>The under\u00adground parking garage of the Red Cross Clinic remains closed to the public due to the corona regu\u00adla\u00adtions that continue to apply.\n<\/div>\n<\/div>\n<\/div><div class=\"bde-column-7792-161 bde-column\">\n  \n  \n\t\n\n\n\n<div class=\"bde-div-7792-162 bde-div\">\n  \n  \n\t\n\n\n\n<h3 class=\"bde-heading-7792-163 bde-heading\" data-entrance=\"slideUp\">\nPublic transportation\n<\/h3><div class=\"bde-text-7792-164 bde-text\" data-entrance=\"slideUp\">\nOur prac\u00adtice is easily acces\u00adsible by public trans\u00adpor\u00adta\u00adtion. The follo\u00adwing stops are in the imme\u00addiate vici\u00adnity:<br><br>Subway:<br>Rotkreuzplatz stop (Volkartstra\u00dfe exit), lines U1 and U7<br>Streetcar: stop Volkartstra\u00dfe, line 12<br><br>Bus:<br>Rotkreuzplatz stop, lines 152, 53 and 133<br><br>For further infor\u00adma\u00adtion and to plan your journey, we recom\u00admend the MVV time\u00adtable infor\u00adma\u00adtion service\n<\/div><div class=\"bde-button-7792-165 bde-button\">\n    \n                        \n                        \n    \n    \n    \n    \n            \n                    \n            \n            \n\n    \n    \n    \n    \n    \n    <a class=\"breakdance-link button-atom button-atom--primary bde-button__button\" href=\"https:\/\/www.mvv-muenchen.de\/fahrplanauskunft\/index.html\" target=\"_self\" data-type=\"url\">\n\n    \n        <span class=\"button-atom__text\">Plan your journey with MVV<\/span>\n\n        \n        \n                <\/a>\n\n    \n\n\n<\/div>\n<\/div>\n<\/div><\/div><\/div>\n<\/section><div id=\"empfang\" class=\"bde-globalblock-7792-168 bde-globalblock\"><div class=\"breakdance\"><section class=\"bde-section-6440-100-6440-1 bde-section bde-section-6440-100\">\n  \n  \n\t\n\n\n\n<div class=\"section-container\"><div class=\"bde-columns-6440-101-6440-1 bde-columns bde-columns-6440-101\"><div class=\"bde-column-6440-102-6440-1 bde-column bde-column-6440-102\">\n  \n  \n\t\n\n\n\n<div class=\"bde-text-6440-115-6440-1 bde-text bde-text-6440-115\">\nBook directly online\n<\/div><div class=\"bde-text-6440-104-6440-1 bde-text bde-text-6440-104\" data-entrance=\"slideUp\">\nAs an exis\u00adting patient, you can book an appoint\u00adment for your preferred date directly via the \u201aarzt-\u200bdirekt\u2018 portal.\n<\/div><div class=\"bde-button-6440-105-6440-1 bde-button bde-button-6440-105\">\n    \n                        \n                        \n    \n    \n    \n    \n            \n                    \n            \n            \n\n    \n    \n    \n    \n    \n    <a class=\"breakdance-link button-atom button-atom--primary bde-button__button\" href=\"https:\/\/arzt-direkt.com\/zentrum-funktionelle-medizin\/booking\" target=\"_blank\" data-type=\"url\">\n\n    \n        <span class=\"button-atom__text\">Online appoint\u00adment booking<\/span>\n\n        \n        \n                <\/a>\n\n    \n\n\n<\/div>\n<\/div><div class=\"bde-column-6440-111-6440-1 bde-column bde-column-6440-111\">\n  \n  \n\t\n\n\n\n<div class=\"bde-text-6440-116-6440-1 bde-text bde-text-6440-116\">\nNew admis\u00adsion\n<\/div><div class=\"bde-text-6440-113-6440-1 bde-text bde-text-6440-113\" data-entrance=\"slideUp\">\nIf you are new to us, please contact us by email. We look forward to hearing from you!\n<\/div><div class=\"bde-button-6440-114-6440-1 bde-button bde-button-6440-114\">\n    \n                        \n                        \n    \n    \n    \n    \n            \n                    \n            \n            \n\n    \n    \n    \n    \n    \n    <a class=\"breakdance-link button-atom button-atom--primary bde-button__button\" href=\"mailto:neuaufnahme@zentrum-funktionelle-medizin.de\" target=\"_self\" data-type=\"url\">\n\n    \n        <span class=\"button-atom__text\">E\u2011mail new entry<\/span>\n\n        \n        \n                <\/a>\n\n    \n\n\n<\/div>\n<\/div><\/div><\/div>\n<\/section><\/div><\/div><\/div>","protected":false},"excerpt":{"rendered":"<p>Zentrum Funktionelle MedizinVolkartstra\u00dfe 580634 M\u00fcnchenTel: +49 (0) 89-215 479 95 empfang@zentrum-funktionelle-medizin.de Anfahrt Empfang Kontakt Anfahrt Auto und Roller Das Parkhaus der Galeria Kaufhof steht auch der \u00d6ffentlichkeit zur Verf\u00fcgung und bietet in der Regel ausreichend Parkpl\u00e4tze. Bitte beachten Sie, dass die Nutzung des Parkhauses kostenpflichtig ist. Die Einfahrt befindet sich in der:Donnersbergerstra\u00dfe 3, 80634 M\u00fcnchenWir [&hellip;]<\/p>\n","protected":false},"author":7,"featured_media":0,"parent":0,"menu_order":0,"comment_status":"closed","ping_status":"closed","template":"","meta":{"_acf_changed":false,"inline_featured_image":false,"wp_typography_post_enhancements_disabled":false,"_breakdance_hide_in_design_set":false,"_breakdance_tags":"","footnotes":""},"folder":[],"class_list":["post-7792","page","type-page","status-publish","hentry"],"acf":[],"_links":{"self":[{"href":"https:\/\/zentrum-funktionelle-medizin.de\/en\/wp-json\/wp\/v2\/pages\/7792","targetHints":{"allow":["GET"]}}],"collection":[{"href":"https:\/\/zentrum-funktionelle-medizin.de\/en\/wp-json\/wp\/v2\/pages"}],"about":[{"href":"https:\/\/zentrum-funktionelle-medizin.de\/en\/wp-json\/wp\/v2\/types\/page"}],"author":[{"embeddable":true,"href":"https:\/\/zentrum-funktionelle-medizin.de\/en\/wp-json\/wp\/v2\/users\/7"}],"replies":[{"embeddable":true,"href":"https:\/\/zentrum-funktionelle-medizin.de\/en\/wp-json\/wp\/v2\/comments?post=7792"}],"version-history":[{"count":2,"href":"https:\/\/zentrum-funktionelle-medizin.de\/en\/wp-json\/wp\/v2\/pages\/7792\/revisions"}],"predecessor-version":[{"id":7924,"href":"https:\/\/zentrum-funktionelle-medizin.de\/en\/wp-json\/wp\/v2\/pages\/7792\/revisions\/7924"}],"wp:attachment":[{"href":"https:\/\/zentrum-funktionelle-medizin.de\/en\/wp-json\/wp\/v2\/media?parent=7792"}],"wp:term":[{"taxonomy":"folder","embeddable":true,"href":"https:\/\/zentrum-funktionelle-medizin.de\/en\/wp-json\/wp\/v2\/folder?post=7792"}],"curies":[{"name":"wp","href":"https:\/\/api.w.org\/{rel}","templated":true}]}}