{"id":7959,"date":"2025-02-12T10:38:15","date_gmt":"2025-02-12T09:38:15","guid":{"rendered":"https:\/\/zentrum-funktionelle-medizin.de\/?page_id=7959"},"modified":"2025-02-12T17:13:18","modified_gmt":"2025-02-12T16:13:18","slug":"befunduebermittlung","status":"publish","type":"page","link":"https:\/\/zentrum-funktionelle-medizin.de\/en\/befunduebermittlung\/","title":{"rendered":"Befund\u00fcbermittlung"},"content":{"rendered":"<div class='breakdance'><section class=\"bde-section-7959-100 bde-section\">\n  \n  \n\t\n\n\n\n<div class=\"section-container\"><div class=\"bde-div-7959-114 bde-div\">\n  \n  \n\t\n\n\n\n<div class=\"bde-div-7959-102 bde-div\">\n  \n  \n\t\n\n\n\n<h1 class=\"bde-heading-7959-104 bde-heading\">\nBefunD\u00fcbermittlung\n<\/h1>\n<\/div>\n<\/div><\/div>\n<\/section><section class=\"bde-section-7959-169 bde-section\">\n  \n  \n\t\n\n\n\n<div class=\"section-container\"><div class=\"bde-form-builder-7959-171 bde-form-builder\">\n\n<form id=\"padeliver171\" class=\"breakdance-form breakdance-form--vertical\" data-options=\"{&quot;slug&quot;:&quot;custom&quot;,&quot;name&quot;:&quot;padeliver&quot;,&quot;ajaxUrl&quot;:&quot;https:\\\/\\\/zentrum-funktionelle-medizin.de\\\/wp-admin\\\/admin-ajax.php&quot;,&quot;clearOnSuccess&quot;:true,&quot;hideOnSuccess&quot;:false,&quot;successMessage&quot;:&quot;Ihr Befund w\\u00fcrde \\u00fcbermittelt.&quot;,&quot;errorMessage&quot;:&quot;Es sind Fehler aufgetreten.&quot;,&quot;redirect&quot;:true,&quot;redirectUrl&quot;:&quot;https:\\\/\\\/zentrum-funktionelle-medizin.de\\\/befunduebermittlung\\\/uebermittlung-erfolgreich\\\/&quot;,&quot;customJavaScript&quot;:&quot;&quot;,&quot;recaptcha&quot;:{&quot;key&quot;:&quot;&quot;,&quot;enabled&quot;:false},&quot;honeypot_enabled&quot;:true,&quot;popupsOnSuccess&quot;:[],&quot;popupsOnError&quot;:[]}\" data-steps=\"3\"  data-current-step=\"1\" >\n  \n  <div class=\"breakdance-form-stepper\">\n    <div class=\"breakdance-form-stepper__list\">\n                    <div class=\"breakdance-form-stepper__step\" data-stepper-step=\"1\">\n                <div class=\"breakdance-form-stepper__step-icon\">\n                                            <span>1<\/span>\n                                    <\/div>\n                                    <div class=\"breakdance-form-stepper__label\">Empf\u00e4nger w\u00e4hlen<\/div>\n                            <\/div>\n            <div class=\"breakdance-form-stepper__separator\"><\/div>\n                    <div class=\"breakdance-form-stepper__step\" data-stepper-step=\"2\">\n                <div class=\"breakdance-form-stepper__step-icon\">\n                                            <span>2<\/span>\n                                    <\/div>\n                                    <div class=\"breakdance-form-stepper__label\">Dateien hochladen<\/div>\n                            <\/div>\n            <div class=\"breakdance-form-stepper__separator\"><\/div>\n                    <div class=\"breakdance-form-stepper__step\" data-stepper-step=\"3\">\n                <div class=\"breakdance-form-stepper__step-icon\">\n                                            <span>3<\/span>\n                                    <\/div>\n                                    <div class=\"breakdance-form-stepper__label\">Pers\u00f6nliche Daten<\/div>\n                            <\/div>\n            <div class=\"breakdance-form-stepper__separator\"><\/div>\n            <\/div>\n<\/div>\n\n  \n<div class=\"breakdance-form-field breakdance-form-field--html hidden-step\"  data-form-step=\"1\" >\n    \n    \n    \n    <div class=\"form-input-html\"\n    >\n  <p>Wer soll Ihren Befund erhalten?<\/p>\n<\/div>\n\n\n    \n    \n<\/div>\n\n\n<div class=\"breakdance-form-field breakdance-form-field--select hidden-step\"  data-form-step=\"1\" >\n    \n    \n            <label class=\"breakdance-form-field__label\" for=\"personauswahl\">\n            \u00c4rztin<span class=\"breakdance-form-field__required\">*<\/span>\n        <\/label>\n    \n    <select\n    class=\"breakdance-form-field__input\"\n    id=\"personauswahl\"\n    name=\"fields[personauswahl]\"\n    required\n    \n        >\n      <option value=\"\">W\u00e4hlen...<\/option>\n          <option value=\"allgemein\" >Allgemein (keine spezielle \u00c4rztin)<\/option>\n        <option value=\"wachner\" > Dr. med. Sophia Wachner<\/option>\n        <option value=\"dette\" > Dr. med. Julia Dette<\/option>\n        <option value=\"fahmueller\" > Dr. med. Yvonne Fahm\u00fcller<\/option>\n  <\/select>\n\n\n    \n    \n<\/div>\n\n\n<div class=\"breakdance-form-field breakdance-form-field--html hidden-step\"  data-form-step=\"2\" >\n    \n    \n    \n    <div class=\"form-input-html\"\n    >\n  <p>Laden Sie bis zu drei Dateien im Format (jpg, jpeg, png oder pdf) hoch. Die maximale Dateigr\u00f6\u00dfe betr\u00e4gt 5MB.<\/p>\n<\/div>\n\n\n    \n    \n<\/div>\n\n\n<div class=\"breakdance-form-field breakdance-form-field--file hidden-step\"  data-form-step=\"2\" >\n    \n    \n            <label class=\"breakdance-form-field__label\" for=\"files\">\n            File Upload<span class=\"breakdance-form-field__required\">*<\/span>\n        <\/label>\n    \n    <label for=\"files\" class=\"breakdance-form-file-upload breakdance-form-file-upload--draggable\">\n\n            <span class=\"breakdance-form-dropzone\" tabindex=\"0\">\n            <svg class=\"breakdance-form-dropzone__icon\" width=\"48\" stroke=\"currentColor\" fill=\"none\" viewBox=\"0 0 48 48\" aria-hidden=\"true\">\n                <path d=\"M28 8H12a4 4 0 00-4 4v20m32-12v8m0 0v8a4 4 0 01-4 4H12a4 4 0 01-4-4v-4m32-4l-3.172-3.172a4 4 0 00-5.656 0L28 28M8 32l9.172-9.172a4 4 0 015.656 0L28 28m0 0l4 4m4-24h8m-4-4v8m-12 4h.02\" stroke-width=\"2\" stroke-linecap=\"round\" stroke-linejoin=\"round\"><\/path>\n            <\/svg>\n\n            <span class=\"breakdance-form-dropzone__title\">\n                <span>Upload a file<\/span> or drag and drop.\n            <\/span>\n            <span class=\"breakdance-form-dropzone__accepts\">\n                              jpg, jpeg, jpe, pdf, png\n                            up to 5MB\n            <\/span>\n        <\/span>\n    \n    <input\n        id=\"files\"\n        name=\"fields[files][]\"\n        type=\"file\"\n        class=\"breakdance-form-file-upload__input\"\n        accept=\"image\/jpeg,application\/pdf,image\/png\"\n        multiple\n        required\n                data-max-files=\"3\"\n        data-i18n-empty-text=\"No file chosen\"\n        data-i18n-filled-text=\"%n files\"\n        data-i18n-error-text=\"Only %n file(s) allowed.\"\n    >\n<\/label>\n\n    <ul class=\"breakdance-form-files-list\"><\/ul>\n\n\n    \n    \n<\/div>\n\n\n<div class=\"breakdance-form-field breakdance-form-field--html hidden-step\"  data-form-step=\"3\" >\n    \n    \n    \n    <div class=\"form-input-html\"\n    >\n  <p>Tragen Sie Ihre pers\u00f6nlichen Angaben ein.<\/p>\n<\/div>\n\n\n    \n    \n<\/div>\n\n\n<div class=\"breakdance-form-field breakdance-form-field--text hidden-step\"  data-form-step=\"3\" >\n    \n    \n            <label class=\"breakdance-form-field__label\" for=\"name\">\n            Vorname und Name<span class=\"breakdance-form-field__required\">*<\/span>\n        <\/label>\n    \n    <input\n    class=\"breakdance-form-field__input\"\n    id=\"name\"\n    aria-describedby=\"name\"\n    type=\"text\"\n    name=\"fields[name]\"\n    placeholder=\"\"\n    value=\"\"\n                \n        \n        \n    required\n    \n    \n    \n>\n\n\n    \n    \n<\/div>\n\n\n<div class=\"breakdance-form-field breakdance-form-field--email hidden-step\"  data-form-step=\"3\" >\n    \n    \n            <label class=\"breakdance-form-field__label\" for=\"email\">\n            E-Mail<span class=\"breakdance-form-field__required\">*<\/span>\n        <\/label>\n    \n    <input\n    class=\"breakdance-form-field__input\"\n    id=\"email\"\n    aria-describedby=\"email\"\n    type=\"email\"\n    name=\"fields[email]\"\n    placeholder=\"\"\n    value=\"\"\n                \n        \n        \n    required\n    \n    \n    \n>\n\n\n    \n    \n<\/div>\n\n\n<div class=\"breakdance-form-field breakdance-form-field--textarea hidden-step\"  data-form-step=\"3\" >\n    \n    \n            <label class=\"breakdance-form-field__label\" for=\"message\">\n            Nachricht\n        <\/label>\n    \n    <textarea\n    class=\"breakdance-form-field__input\"\n    id=\"message\"\n    aria-describedby=\"message\"\n    type=\"textarea\"\n    name=\"fields[message]\"\n        rows=\"4\"\n        placeholder=\"\"\n    \n    >\n<\/textarea>\n\n\n    \n    \n<\/div>\n\n\n<div class=\"breakdance-form-field breakdance-form-field--html hidden-step\"  data-form-step=\"3\" >\n    \n    \n    \n    <div class=\"form-input-html\"\n    >\n  <p>Hinweis: Der Versand  kann je nach Anzahl und Gr\u00f6\u00dfe Ihrer Anh\u00e4nge bis zu einigen Minuten dauern. Bitte schlie\u00dfen Sie dieses Fenster nicht. Nach erfolgreicher \u00dcbermittlung werden Sie automatisch weitergeleitet.<\/p>\n\n<\/div>\n\n\n    \n    \n<\/div>\n\n\n<div class=\"breakdance-form-field breakdance-form-field--hpinput hidden-step\"  data-form-step=\"3\" >\n    \n    \n            <label class=\"breakdance-form-field__label\" for=\"hpname\">\n            HP Name\n        <\/label>\n    \n    <input\n    class=\"breakdance-form-field__input\"\n    id=\"hpname\"\n    aria-describedby=\"hpname\"\n    type=\"hpinput\"\n    name=\"fields[hpname]\"\n    placeholder=\"\"\n    value=\"\"\n                \n        \n        \n    \n    autocomplete=\"off\"\n    tabindex=\"-1\"\n    \n>\n\n\n    \n    \n<\/div>\n\n\n  \n\n<div class=\"breakdance-form-field breakdance-form-footer\">\n            <div class=\"breakdance-form-field breakdance-form-field--step-buttons\" data-form-step=\"1\">\n            \n                                    \n    \n    \n    \n    \n            \n            <button type=\"button\" class=\"button-atom button-atom--secondary breakdance-form-button breakdance-form-button__previous-step hidden\"  >\n    \n        <span class=\"button-atom__text\">Previous Step<\/span>\n\n        \n        \n            <\/button>\n    \n            \n                                    \n    \n    \n    \n    \n            \n            <button type=\"button\" class=\"button-atom button-atom--primary breakdance-form-button breakdance-form-button__next-step hidden\"  >\n    \n        <span class=\"button-atom__text\">Weiter<\/span>\n\n        \n        \n            <\/button>\n    \n        <\/div>\n            <div class=\"breakdance-form-field breakdance-form-field--step-buttons\" data-form-step=\"2\">\n            \n                                    \n    \n    \n    \n    \n            \n            <button type=\"button\" class=\"button-atom button-atom--secondary breakdance-form-button breakdance-form-button__previous-step hidden\"  >\n    \n        <span class=\"button-atom__text\">Zur\u00fcck<\/span>\n\n        \n        \n            <\/button>\n    \n            \n                                    \n    \n    \n    \n    \n            \n            <button type=\"button\" class=\"button-atom button-atom--primary breakdance-form-button breakdance-form-button__next-step hidden\"  >\n    \n        <span class=\"button-atom__text\">Weiter<\/span>\n\n        \n        \n            <\/button>\n    \n        <\/div>\n            <div class=\"breakdance-form-field breakdance-form-field--step-buttons\" data-form-step=\"3\">\n            \n                                    \n    \n    \n    \n    \n            \n            <button type=\"button\" class=\"button-atom button-atom--secondary breakdance-form-button breakdance-form-button__previous-step hidden\"  >\n    \n        <span class=\"button-atom__text\">Zur\u00fcck<\/span>\n\n        \n        \n            <\/button>\n    \n            \n                                    \n    \n    \n    \n    \n            \n            <button type=\"button\" class=\"button-atom button-atom--primary breakdance-form-button breakdance-form-button__next-step hidden\"  >\n    \n        <span class=\"button-atom__text\">Weiter<\/span>\n\n        \n        \n            <\/button>\n    \n        <\/div>\n    \n    \n                                    \n    \n    \n    \n    \n            \n            <button type=\"submit\" class=\"button-atom button-atom--primary breakdance-form-button breakdance-form-button__submit\"  >\n    \n        <span class=\"button-atom__text\">Absenden<\/span>\n\n        \n        \n            <\/button>\n    \n    <input type=\"hidden\" name=\"form_id\" value=\"171\">\n    <input type=\"hidden\" name=\"post_id\" value=\"7959\">\n<\/div>\n\n  \n<\/form>\n\n\n<\/div><div class=\"bde-rich-text-7959-172 bde-rich-text breakdance-rich-text-styles\">\n<p>Ihre Daten werden \u00fcber eine gesicherte Verbindung und im Rahmen unserer <a href=\"https:\/\/zentrum-funktionelle-medizin.de\/datenschutz\/\" target=\"_blank\" rel=\"noopener\">Datenschutzbestimmungen<\/a> \u00fcbertragen.<\/p>\n<\/div><\/div>\n<\/section><\/div>","protected":false},"excerpt":{"rendered":"<p>BefunD\u00fcbermittlung 1 Empf\u00e4nger w\u00e4hlen 2 Dateien hochladen 3 Pers\u00f6nliche Daten Wer soll Ihren Befund erhalten? \u00c4rztin* W\u00e4hlen&#8230; Allgemein (keine spezielle \u00c4rztin) Dr. med. Sophia Wachner Dr. med. Julia Dette Dr. med. Yvonne Fahm\u00fcller Laden Sie bis zu drei Dateien im Format (jpg, jpeg, png oder pdf) hoch. Die maximale Dateigr\u00f6\u00dfe betr\u00e4gt 5MB. File Upload* Upload [&hellip;]<\/p>\n","protected":false},"author":8,"featured_media":0,"parent":0,"menu_order":0,"comment_status":"closed","ping_status":"closed","template":"","meta":{"_acf_changed":false,"inline_featured_image":false,"wp_typography_post_enhancements_disabled":false,"_breakdance_hide_in_design_set":false,"_breakdance_tags":"","footnotes":""},"folder":[],"class_list":["post-7959","page","type-page","status-publish","hentry"],"acf":[],"_links":{"self":[{"href":"https:\/\/zentrum-funktionelle-medizin.de\/en\/wp-json\/wp\/v2\/pages\/7959","targetHints":{"allow":["GET"]}}],"collection":[{"href":"https:\/\/zentrum-funktionelle-medizin.de\/en\/wp-json\/wp\/v2\/pages"}],"about":[{"href":"https:\/\/zentrum-funktionelle-medizin.de\/en\/wp-json\/wp\/v2\/types\/page"}],"author":[{"embeddable":true,"href":"https:\/\/zentrum-funktionelle-medizin.de\/en\/wp-json\/wp\/v2\/users\/8"}],"replies":[{"embeddable":true,"href":"https:\/\/zentrum-funktionelle-medizin.de\/en\/wp-json\/wp\/v2\/comments?post=7959"}],"version-history":[{"count":12,"href":"https:\/\/zentrum-funktionelle-medizin.de\/en\/wp-json\/wp\/v2\/pages\/7959\/revisions"}],"predecessor-version":[{"id":7981,"href":"https:\/\/zentrum-funktionelle-medizin.de\/en\/wp-json\/wp\/v2\/pages\/7959\/revisions\/7981"}],"wp:attachment":[{"href":"https:\/\/zentrum-funktionelle-medizin.de\/en\/wp-json\/wp\/v2\/media?parent=7959"}],"wp:term":[{"taxonomy":"folder","embeddable":true,"href":"https:\/\/zentrum-funktionelle-medizin.de\/en\/wp-json\/wp\/v2\/folder?post=7959"}],"curies":[{"name":"wp","href":"https:\/\/api.w.org\/{rel}","templated":true}]}}