{"id":8678,"date":"2026-03-30T13:30:18","date_gmt":"2026-03-30T11:30:18","guid":{"rendered":"https:\/\/zentrum-funktionelle-medizin.de\/?page_id=8678"},"modified":"2026-03-30T13:30:22","modified_gmt":"2026-03-30T11:30:22","slug":"dr-dominique-sauter-peschke","status":"publish","type":"page","link":"https:\/\/zentrum-funktionelle-medizin.de\/en\/dr-dominique-sauter-peschke\/","title":{"rendered":"Dr.  Dominique Sauter-\u200bPeschke"},"content":{"rendered":"<div class=\"breakdance\"><section class=\"bde-section-8678-100 bde-section\">\n  \n  \n\t\n\n\n\n<div class=\"section-container\"><div class=\"bde-div-8678-114 bde-div\">\n  \n  \n\t\n\n\n\n<div class=\"bde-div-8678-161 bde-div\">\n  \n  \n\t\n\n\n\n\n<\/div><div class=\"bde-div-8678-102 bde-div\">\n  \n  \n\t\n\n\n\n<h1 class=\"bde-heading-8678-104 bde-heading\">\nDr. Dominique Sauter-\u200bPeschke\n<\/h1>\n<\/div>\n<\/div><\/div>\n<\/section><section class=\"bde-section-8678-425 bde-section\">\n  \n  \n\t\n\n\n\n<div class=\"section-container\"><div class=\"bde-div-8678-426 bde-div xxpaddingLeftAndRight\">\n  \n  \n\t\n\n\n\n<div class=\"bde-text-8678-427 bde-text\" data-entrance=\"slideUp\">\nDr. Dominique Sauter-\u200bPeschke, MD, repres\u00adents a modern approach to medi\u00adcine that combines evidence-\u200bbased conven\u00adtional care with a holi\u00adstic under\u00adstan\u00adding of health. Her approach inte\u00adgrates internal medi\u00adcine diagno\u00adstics with preven\u00adtive and func\u00adtional concepts, aiming to support each patient\u2019s long-\u200bterm health in a perso\u00adna\u00adlized and sustainable way.\n<\/div><div class=\"bde-text-8678-432 bde-text\" data-entrance=\"slideUp\">\nShe studied at the Technical University of Munich, where she also earned her MD. She completed her resi\u00addency at leading Munich hospi\u00adtals, inclu\u00adding the German Heart Center Munich and Klinikum rechts der Isar, gaining broad expe\u00adri\u00adence in cardio\u00adlogy, nephrology, rheu\u00adma\u00adto\u00adlogy, inten\u00adsive care, and complex chronic disease manage\u00adment.<br><br>Early in her career, she deve\u00adloped a strong inte\u00adrest in preven\u00adtive approa\u00adches and the role of life\u00adstyle factors in both the deve\u00adlo\u00adp\u00adment and long-\u200bterm manage\u00adment of disease. This led her to pursue trai\u00adning in nutri\u00adtional medi\u00adcine, as well as advanced educa\u00adtion in preven\u00adtive and func\u00adtional medi\u00adcine.<br><br>In addi\u00adtion, she gained expe\u00adri\u00adence in digital health and preven\u00adtive care, inclu\u00adding a leader\u00adship role at a health tech company and serving as Medical Supervisor in the deve\u00adlo\u00adp\u00adment of a startup focused on stress manage\u00adment and perfor\u00admance opti\u00admiza\u00adtion.<br><br>Today, at the Center for Functional Medicine, Dr. Sauter-\u200bPeschke takes an inte\u00adgra\u00adtive approach that blends conven\u00adtional medi\u00adcine with modern science, focu\u00adsing on the whole person.\n<\/div>\n<\/div><\/div>\n<\/section><\/div>","protected":false},"excerpt":{"rendered":"<p>Dr. Dominique Sauter-Peschke Dr. med. Dominique Sauter-Peschke steht f\u00fcr eine moderne Medizin, die fundierte schulmedizinische Expertise mit einem ganzheitlichen Verst\u00e4ndnis von Gesundheit verbindet. Ihr Ansatz vereint internistische Diagnostik mit pr\u00e4ventiven und funktionellen Konzepten und zielt darauf ab, die Gesundheit ihrer Patientinnen und Patienten langfristig und individuell zu f\u00f6rdern. Sie studierte an der Technischen Universit\u00e4t M\u00fcnchen, [&hellip;]<\/p>\n","protected":false},"author":2,"featured_media":8682,"parent":0,"menu_order":0,"comment_status":"closed","ping_status":"closed","template":"","meta":{"_acf_changed":false,"inline_featured_image":false,"wp_typography_post_enhancements_disabled":false,"_breakdance_hide_in_design_set":false,"_breakdance_tags":"","footnotes":""},"folder":[],"class_list":["post-8678","page","type-page","status-publish","has-post-thumbnail","hentry"],"acf":[],"_links":{"self":[{"href":"https:\/\/zentrum-funktionelle-medizin.de\/en\/wp-json\/wp\/v2\/pages\/8678","targetHints":{"allow":["GET"]}}],"collection":[{"href":"https:\/\/zentrum-funktionelle-medizin.de\/en\/wp-json\/wp\/v2\/pages"}],"about":[{"href":"https:\/\/zentrum-funktionelle-medizin.de\/en\/wp-json\/wp\/v2\/types\/page"}],"author":[{"embeddable":true,"href":"https:\/\/zentrum-funktionelle-medizin.de\/en\/wp-json\/wp\/v2\/users\/2"}],"replies":[{"embeddable":true,"href":"https:\/\/zentrum-funktionelle-medizin.de\/en\/wp-json\/wp\/v2\/comments?post=8678"}],"version-history":[{"count":4,"href":"https:\/\/zentrum-funktionelle-medizin.de\/en\/wp-json\/wp\/v2\/pages\/8678\/revisions"}],"predecessor-version":[{"id":8683,"href":"https:\/\/zentrum-funktionelle-medizin.de\/en\/wp-json\/wp\/v2\/pages\/8678\/revisions\/8683"}],"wp:featuredmedia":[{"embeddable":true,"href":"https:\/\/zentrum-funktionelle-medizin.de\/en\/wp-json\/wp\/v2\/media\/8682"}],"wp:attachment":[{"href":"https:\/\/zentrum-funktionelle-medizin.de\/en\/wp-json\/wp\/v2\/media?parent=8678"}],"wp:term":[{"taxonomy":"folder","embeddable":true,"href":"https:\/\/zentrum-funktionelle-medizin.de\/en\/wp-json\/wp\/v2\/folder?post=8678"}],"curies":[{"name":"wp","href":"https:\/\/api.w.org\/{rel}","templated":true}]}}